{"id":383,"date":"2022-12-10T12:26:23","date_gmt":"2022-12-10T12:26:23","guid":{"rendered":"https:\/\/jnan.rs\/?page_id=383"},"modified":"2022-12-10T15:16:21","modified_gmt":"2022-12-10T15:16:21","slug":"parking","status":"publish","type":"page","link":"https:\/\/jnan.rs\/?page_id=383","title":{"rendered":"Kontaktirajte nas!"},"content":{"rendered":"<div class=\"wp-block-image is-style-default\">\n<figure class=\"aligncenter size-full is-resized\"><img loading=\"lazy\" decoding=\"async\" src=\"https:\/\/jnan.rs\/wp-content\/uploads\/2022\/12\/Parkinnnnng1234.png\" alt=\"\" class=\"wp-image-385\" width=\"720\" height=\"225\" srcset=\"https:\/\/jnan.rs\/wp-content\/uploads\/2022\/12\/Parkinnnnng1234.png 960w, https:\/\/jnan.rs\/wp-content\/uploads\/2022\/12\/Parkinnnnng1234-300x94.png 300w, https:\/\/jnan.rs\/wp-content\/uploads\/2022\/12\/Parkinnnnng1234-768x240.png 768w\" sizes=\"(max-width: 720px) 100vw, 720px\" \/><\/figure><\/div>\n\n\n<p class=\"has-text-align-center has-black-color has-text-color\" style=\"font-size:15px\">Ukoliko ste primili obave\u0161tenje da smo otkupili Va\u0161e dugovanje prema parking servisu mo\u017eete nas kontaktirati radi dobijanja dodatnih informacija.<\/p>\n\n\n<div class=\"everest-forms\"><div class=\"evf-container default\" id=\"evf-378\"><form id=\"evf-form-378\" class=\"everest-form\" data-formid=\"378\" data-ajax_submission=\"0\" data-keyboard_friendly_form=\"0\" data-form_state_type=\"\" method=\"post\" enctype=\"multipart\/form-data\" action=\"\/index.php?rest_route=%2Fwp%2Fv2%2Fpages%2F383\"><div class=\"evf-field-container\"><input type=\"hidden\" id=\"_wpnonce378\" name=\"_wpnonce378\" value=\"a4fb453939\" \/><input type=\"hidden\" name=\"_wp_http_referer\" value=\"\/index.php?rest_route=%2Fwp%2Fv2%2Fpages%2F383\" \/><div class=\"evf-frontend-row\" data-row=\"row_1\" conditional_rules=\"[]\"><div class=\"evf-frontend-grid evf-grid-2\" data-grid=\"grid_1\"><div id=\"evf-378-field_qOC3QlKoow-5-container\" class=\"evf-field evf-field-first-name form-row validate-required\" data-required-field-message=\"Obavezno polje\" data-field-id=\"qOC3QlKoow-5\"><label class=\"evf-field-label\" for=\"evf-378-field_qOC3QlKoow-5\"><span class=\"evf-label\">Ime<\/span> <abbr class=\"required\" title=\"Required\">*<\/abbr><\/label><input type=\"text\" id=\"evf-378-field_qOC3QlKoow-5\" class=\"input-text\" name=\"everest_forms[form_fields][qOC3QlKoow-5]\" required><\/div><div id=\"evf-378-field_LbH5NxasXM-2-container\" class=\"evf-field evf-field-email form-row validate-required validate-email\" data-required-field-message=\"Obavezno polje\" data-field-id=\"LbH5NxasXM-2\"><label class=\"evf-field-label\" for=\"evf-378-field_LbH5NxasXM-2\"><span class=\"evf-label\">Email<\/span> <abbr class=\"required\" title=\"Required\">*<\/abbr><\/label><input type=\"email\" id=\"evf-378-field_LbH5NxasXM-2\" class=\"input-text\" name=\"everest_forms[form_fields][LbH5NxasXM-2]\" required ><\/div><\/div><div class=\"evf-frontend-grid evf-grid-2\" data-grid=\"grid_2\"><div id=\"evf-378-field_Gh5s2bMiH7-6-container\" class=\"evf-field evf-field-last-name form-row validate-required\" data-required-field-message=\"Obavezno polje\" data-field-id=\"Gh5s2bMiH7-6\"><label class=\"evf-field-label\" for=\"evf-378-field_Gh5s2bMiH7-6\"><span class=\"evf-label\">Prezime<\/span> <abbr class=\"required\" title=\"Required\">*<\/abbr><\/label><input type=\"text\" id=\"evf-378-field_Gh5s2bMiH7-6\" class=\"input-text\" name=\"everest_forms[form_fields][Gh5s2bMiH7-6]\" required><\/div><div id=\"evf-378-field_upkeOxQ1gV-7-container\" class=\"evf-field evf-field-text form-row validate-required\" data-required-field-message=\"Obavezno polje\" data-field-id=\"upkeOxQ1gV-7\"><label class=\"evf-field-label\" for=\"evf-378-field_upkeOxQ1gV-7\"><span class=\"evf-label\">Broj telefona<\/span> <abbr class=\"required\" title=\"Required\">*<\/abbr><\/label><input type=\"text\" id=\"evf-378-field_upkeOxQ1gV-7\" class=\"input-text\" name=\"everest_forms[form_fields][upkeOxQ1gV-7]\" required><\/div><\/div><\/div><div class=\"evf-frontend-row\" data-row=\"row_2\" conditional_rules=\"[]\"><div class=\"evf-frontend-grid evf-grid-2\" data-grid=\"grid_1\"><div id=\"evf-378-field_WBwH5dWXDz-8-container\" class=\"evf-field evf-field-text form-row validate-required\" data-required-field-message=\"Obavezno polje\" data-field-id=\"WBwH5dWXDz-8\"><label class=\"evf-field-label\" for=\"evf-378-field_WBwH5dWXDz-8\"><span class=\"evf-label\">Koji parking je izdao doplatnu kartu?<\/span> <abbr class=\"required\" title=\"Required\">*<\/abbr><\/label><input type=\"text\" id=\"evf-378-field_WBwH5dWXDz-8\" class=\"input-text\" name=\"everest_forms[form_fields][WBwH5dWXDz-8]\" required><\/div><div id=\"evf-378-field_qyVzDTFJLV-10-container\" class=\"evf-field evf-field-date-time form-row\" data-field-id=\"qyVzDTFJLV-10\"><label class=\"evf-field-label\" for=\"evf-378-field_qyVzDTFJLV-10\"><span class=\"evf-label\">Datum doplatne karte<\/span> <\/label><input type=\"text\" id=\"evf-378-field_qyVzDTFJLV-10\" class=\"flatpickr-field input-text\" name=\"everest_forms[form_fields][qyVzDTFJLV-10]\" data-time-interval=\"15\" data-date-time=\"date\" data-mode=\"single\" data-locale=\"en\" data-date-format=\"Y-m-d\"  ><\/div><\/div><div class=\"evf-frontend-grid evf-grid-2\" data-grid=\"grid_2\"><div id=\"evf-378-field_Kr0NdSNL9v-9-container\" class=\"evf-field evf-field-text form-row validate-required\" data-required-field-message=\"Obavezno polje\" data-field-id=\"Kr0NdSNL9v-9\"><label class=\"evf-field-label\" for=\"evf-378-field_Kr0NdSNL9v-9\"><span class=\"evf-label\">Broj doplatne karte?<\/span> <abbr class=\"required\" title=\"Required\">*<\/abbr><\/label><input type=\"text\" id=\"evf-378-field_Kr0NdSNL9v-9\" class=\"input-text\" name=\"everest_forms[form_fields][Kr0NdSNL9v-9]\" required><\/div><\/div><\/div><div class=\"evf-frontend-row\" data-row=\"row_3\" conditional_rules=\"[]\"><div class=\"evf-frontend-grid evf-grid-2\" data-grid=\"grid_1\"><div id=\"evf-378-field_K6mDNcDm5o-11-container\" class=\"evf-field evf-field-text form-row\" data-field-id=\"K6mDNcDm5o-11\"><label class=\"evf-field-label\" for=\"evf-378-field_K6mDNcDm5o-11\"><span class=\"evf-label\">Ako je protiv Vas pokrenut postupak pred sudom\/izvr\u0161iteljem upi\u0161ite naziv suda\/izvr\u0161itelja<\/span> <\/label><input type=\"text\" id=\"evf-378-field_K6mDNcDm5o-11\" class=\"input-text\" name=\"everest_forms[form_fields][K6mDNcDm5o-11]\" ><\/div><\/div><div class=\"evf-frontend-grid evf-grid-2\" data-grid=\"grid_2\"><div id=\"evf-378-field_f1UNtbMLId-12-container\" class=\"evf-field evf-field-text form-row\" data-field-id=\"f1UNtbMLId-12\"><label class=\"evf-field-label\" for=\"evf-378-field_f1UNtbMLId-12\"><span class=\"evf-label\">Ako je protiv Vas pokrenut postupak pred sudom\/izvr\u0161iteljem upi\u0161ite broj predmeta<\/span> <\/label><input type=\"text\" id=\"evf-378-field_f1UNtbMLId-12\" class=\"input-text\" name=\"everest_forms[form_fields][f1UNtbMLId-12]\" ><\/div><\/div><\/div><div class=\"evf-frontend-row\" data-row=\"row_4\" conditional_rules=\"[]\"><div class=\"evf-frontend-grid evf-grid-2\" data-grid=\"grid_1\"><div id=\"evf-378-field_Adr1znoiV3-13-container\" class=\"evf-field evf-field-select form-row validate-required\" data-required-field-message=\"Obavezno polje\" data-field-id=\"Adr1znoiV3-13\"><label class=\"evf-field-label\" for=\"evf-378-field_Adr1znoiV3-13\"><span class=\"evf-label\">Razlog obra\u0107anja<\/span> <abbr class=\"required\" title=\"Required\">*<\/abbr><\/label><select id=\"evf-378-field_Adr1znoiV3-13\" class=\"input-text evf-field-required\" name=\"everest_forms[form_fields][Adr1znoiV3-13]\" required=\"required\" ><option value=\"\u017delim da, pre pokretanja postupka, izmirim svoje dugovanje\" >\u017delim da, pre pokretanja postupka, izmirim svoje dugovanje<\/option><option value=\"Protiv mene je pokrenut postupak i \u017eelim da izmirim dugovanje\" >Protiv mene je pokrenut postupak i \u017eelim da izmirim dugovanje<\/option><option value=\"Pla\u0107anje na rate\" >Pla\u0107anje na rate<\/option><option value=\"Razno\" >Razno<\/option><\/select><\/div><div id=\"evf-378-field_9OIW639eB7-15-container\" class=\"evf-field evf-field-select form-row validate-required\" data-required-field-message=\"Obavezno polje\" data-field-id=\"9OIW639eB7-15\"><label class=\"evf-field-label\" for=\"evf-378-field_9OIW639eB7-15\"><span class=\"evf-label\">Kako \u017eelite da Vas kontaktiramo<\/span> <abbr class=\"required\" title=\"Required\">*<\/abbr><\/label><select id=\"evf-378-field_9OIW639eB7-15\" class=\"input-text evf-field-required\" name=\"everest_forms[form_fields][9OIW639eB7-15]\" required=\"required\" ><option value=\"Telefonom\" >Telefonom<\/option><option value=\"Emailom\" >Emailom<\/option><option value=\"Pla\u0107anje na rate\" >Pla\u0107anje na rate<\/option><option value=\"Razno\" >Razno<\/option><\/select><\/div><\/div><div class=\"evf-frontend-grid evf-grid-2\" data-grid=\"grid_2\"><div id=\"evf-378-field_FIvnpukG7S-14-container\" class=\"evf-field evf-field-textarea form-row\" data-field-id=\"FIvnpukG7S-14\"><label class=\"evf-field-label\" for=\"evf-378-field_FIvnpukG7S-14\"><span class=\"evf-label\">Dodatne napomene<\/span> <\/label><textarea id=\"evf-378-field_FIvnpukG7S-14\" class=\"input-text\" name=\"everest_forms[form_fields][FIvnpukG7S-14]\"  ><\/textarea><\/div><\/div><\/div><\/div><div class=\"evf-honeypot-container evf-field-hp\"><label for=\"evf-378-field-hp\" class=\"evf-field-label\">Name<\/label><input type=\"text\" name=\"everest_forms[hp]\" id=\"evf-378-field-hp\" class=\"input-text\"><\/div><div class=\"evf-submit-container \" ><input type=\"hidden\" name=\"everest_forms[id]\" value=\"378\"><input type=\"hidden\" name=\"everest_forms[author]\" value=\"1\"><button type='submit' name='everest_forms[submit]' class='everest-forms-submit-button button evf-submit ' id='evf-submit-378' value='evf-submit' data-process-text=\"Slanje....\" conditional_rules='&quot;&quot;' conditional_id='evf-submit-378'  id=\"evf-submit-378\" aria-live=\"assertive\">Po\u0161alji<\/button><\/div><\/form><\/div><!-- .evf-container --><\/div>\n","protected":false},"excerpt":{"rendered":"<p>Ukoliko ste primili obave\u0161tenje da smo otkupili Va\u0161e dugovanje prema parking servisu mo\u017eete nas kontaktirati radi dobijanja dodatnih informacija.<\/p>\n","protected":false},"author":1,"featured_media":0,"parent":0,"menu_order":0,"comment_status":"closed","ping_status":"closed","template":"","meta":{"footnotes":""},"yoast_head":"<!-- This site is optimized with the Yoast SEO plugin v22.7 - https:\/\/yoast.com\/wordpress\/plugins\/seo\/ -->\n<title>Kontaktirajte nas! - JN&amp;AN<\/title>\n<meta name=\"robots\" content=\"index, follow, max-snippet:-1, max-image-preview:large, max-video-preview:-1\" \/>\n<link rel=\"canonical\" href=\"https:\/\/jnan.rs\/?page_id=383\" \/>\n<meta property=\"og:locale\" content=\"en_US\" \/>\n<meta property=\"og:type\" content=\"article\" \/>\n<meta property=\"og:title\" content=\"Kontaktirajte nas! - JN&amp;AN\" \/>\n<meta property=\"og:description\" content=\"Ukoliko ste primili obave\u0161tenje da smo otkupili Va\u0161e dugovanje prema parking servisu mo\u017eete nas kontaktirati radi dobijanja dodatnih informacija.\" \/>\n<meta property=\"og:url\" content=\"https:\/\/jnan.rs\/?page_id=383\" \/>\n<meta property=\"og:site_name\" content=\"JN&amp;AN\" \/>\n<meta property=\"article:modified_time\" content=\"2022-12-10T15:16:21+00:00\" \/>\n<meta property=\"og:image\" content=\"https:\/\/jnan.rs\/wp-content\/uploads\/2022\/12\/Parkinnnnng1234.png\" \/>\n<meta name=\"twitter:card\" content=\"summary_large_image\" \/>\n<meta name=\"twitter:label1\" content=\"Est. reading time\" \/>\n\t<meta name=\"twitter:data1\" content=\"1 minute\" \/>\n<script type=\"application\/ld+json\" class=\"yoast-schema-graph\">{\"@context\":\"https:\/\/schema.org\",\"@graph\":[{\"@type\":\"WebPage\",\"@id\":\"https:\/\/jnan.rs\/?page_id=383\",\"url\":\"https:\/\/jnan.rs\/?page_id=383\",\"name\":\"Kontaktirajte nas! - JN&amp;AN\",\"isPartOf\":{\"@id\":\"https:\/\/jnan.rs\/#website\"},\"primaryImageOfPage\":{\"@id\":\"https:\/\/jnan.rs\/?page_id=383#primaryimage\"},\"image\":{\"@id\":\"https:\/\/jnan.rs\/?page_id=383#primaryimage\"},\"thumbnailUrl\":\"https:\/\/jnan.rs\/wp-content\/uploads\/2022\/12\/Parkinnnnng1234.png\",\"datePublished\":\"2022-12-10T12:26:23+00:00\",\"dateModified\":\"2022-12-10T15:16:21+00:00\",\"breadcrumb\":{\"@id\":\"https:\/\/jnan.rs\/?page_id=383#breadcrumb\"},\"inLanguage\":\"en-US\",\"potentialAction\":[{\"@type\":\"ReadAction\",\"target\":[\"https:\/\/jnan.rs\/?page_id=383\"]}]},{\"@type\":\"ImageObject\",\"inLanguage\":\"en-US\",\"@id\":\"https:\/\/jnan.rs\/?page_id=383#primaryimage\",\"url\":\"https:\/\/jnan.rs\/wp-content\/uploads\/2022\/12\/Parkinnnnng1234.png\",\"contentUrl\":\"https:\/\/jnan.rs\/wp-content\/uploads\/2022\/12\/Parkinnnnng1234.png\",\"width\":960,\"height\":300},{\"@type\":\"BreadcrumbList\",\"@id\":\"https:\/\/jnan.rs\/?page_id=383#breadcrumb\",\"itemListElement\":[{\"@type\":\"ListItem\",\"position\":1,\"name\":\"Home\",\"item\":\"https:\/\/jnan.rs\/\"},{\"@type\":\"ListItem\",\"position\":2,\"name\":\"Kontaktirajte nas!\"}]},{\"@type\":\"WebSite\",\"@id\":\"https:\/\/jnan.rs\/#website\",\"url\":\"https:\/\/jnan.rs\/\",\"name\":\"JN&amp;AN\",\"description\":\"Dobrodo\u0161li u na\u0161 svet!\",\"publisher\":{\"@id\":\"https:\/\/jnan.rs\/#organization\"},\"potentialAction\":[{\"@type\":\"SearchAction\",\"target\":{\"@type\":\"EntryPoint\",\"urlTemplate\":\"https:\/\/jnan.rs\/?s={search_term_string}\"},\"query-input\":\"required name=search_term_string\"}],\"inLanguage\":\"en-US\"},{\"@type\":\"Organization\",\"@id\":\"https:\/\/jnan.rs\/#organization\",\"name\":\"JN&AN NIKOLI\u0106 CONSULTING\",\"url\":\"https:\/\/jnan.rs\/\",\"logo\":{\"@type\":\"ImageObject\",\"inLanguage\":\"en-US\",\"@id\":\"https:\/\/jnan.rs\/#\/schema\/logo\/image\/\",\"url\":\"https:\/\/jnan.rs\/wp-content\/uploads\/2022\/12\/JN-SAJT.png\",\"contentUrl\":\"https:\/\/jnan.rs\/wp-content\/uploads\/2022\/12\/JN-SAJT.png\",\"width\":1640,\"height\":924,\"caption\":\"JN&AN NIKOLI\u0106 CONSULTING\"},\"image\":{\"@id\":\"https:\/\/jnan.rs\/#\/schema\/logo\/image\/\"}}]}<\/script>\n<!-- \/ Yoast SEO plugin. -->","yoast_head_json":{"title":"Kontaktirajte nas! - JN&amp;AN","robots":{"index":"index","follow":"follow","max-snippet":"max-snippet:-1","max-image-preview":"max-image-preview:large","max-video-preview":"max-video-preview:-1"},"canonical":"https:\/\/jnan.rs\/?page_id=383","og_locale":"en_US","og_type":"article","og_title":"Kontaktirajte nas! - JN&amp;AN","og_description":"Ukoliko ste primili obave\u0161tenje da smo otkupili Va\u0161e dugovanje prema parking servisu mo\u017eete nas kontaktirati radi dobijanja dodatnih informacija.","og_url":"https:\/\/jnan.rs\/?page_id=383","og_site_name":"JN&amp;AN","article_modified_time":"2022-12-10T15:16:21+00:00","og_image":[{"url":"https:\/\/jnan.rs\/wp-content\/uploads\/2022\/12\/Parkinnnnng1234.png"}],"twitter_card":"summary_large_image","twitter_misc":{"Est. reading time":"1 minute"},"schema":{"@context":"https:\/\/schema.org","@graph":[{"@type":"WebPage","@id":"https:\/\/jnan.rs\/?page_id=383","url":"https:\/\/jnan.rs\/?page_id=383","name":"Kontaktirajte nas! - JN&amp;AN","isPartOf":{"@id":"https:\/\/jnan.rs\/#website"},"primaryImageOfPage":{"@id":"https:\/\/jnan.rs\/?page_id=383#primaryimage"},"image":{"@id":"https:\/\/jnan.rs\/?page_id=383#primaryimage"},"thumbnailUrl":"https:\/\/jnan.rs\/wp-content\/uploads\/2022\/12\/Parkinnnnng1234.png","datePublished":"2022-12-10T12:26:23+00:00","dateModified":"2022-12-10T15:16:21+00:00","breadcrumb":{"@id":"https:\/\/jnan.rs\/?page_id=383#breadcrumb"},"inLanguage":"en-US","potentialAction":[{"@type":"ReadAction","target":["https:\/\/jnan.rs\/?page_id=383"]}]},{"@type":"ImageObject","inLanguage":"en-US","@id":"https:\/\/jnan.rs\/?page_id=383#primaryimage","url":"https:\/\/jnan.rs\/wp-content\/uploads\/2022\/12\/Parkinnnnng1234.png","contentUrl":"https:\/\/jnan.rs\/wp-content\/uploads\/2022\/12\/Parkinnnnng1234.png","width":960,"height":300},{"@type":"BreadcrumbList","@id":"https:\/\/jnan.rs\/?page_id=383#breadcrumb","itemListElement":[{"@type":"ListItem","position":1,"name":"Home","item":"https:\/\/jnan.rs\/"},{"@type":"ListItem","position":2,"name":"Kontaktirajte nas!"}]},{"@type":"WebSite","@id":"https:\/\/jnan.rs\/#website","url":"https:\/\/jnan.rs\/","name":"JN&amp;AN","description":"Dobrodo\u0161li u na\u0161 svet!","publisher":{"@id":"https:\/\/jnan.rs\/#organization"},"potentialAction":[{"@type":"SearchAction","target":{"@type":"EntryPoint","urlTemplate":"https:\/\/jnan.rs\/?s={search_term_string}"},"query-input":"required name=search_term_string"}],"inLanguage":"en-US"},{"@type":"Organization","@id":"https:\/\/jnan.rs\/#organization","name":"JN&AN NIKOLI\u0106 CONSULTING","url":"https:\/\/jnan.rs\/","logo":{"@type":"ImageObject","inLanguage":"en-US","@id":"https:\/\/jnan.rs\/#\/schema\/logo\/image\/","url":"https:\/\/jnan.rs\/wp-content\/uploads\/2022\/12\/JN-SAJT.png","contentUrl":"https:\/\/jnan.rs\/wp-content\/uploads\/2022\/12\/JN-SAJT.png","width":1640,"height":924,"caption":"JN&AN NIKOLI\u0106 CONSULTING"},"image":{"@id":"https:\/\/jnan.rs\/#\/schema\/logo\/image\/"}}]}},"_links":{"self":[{"href":"https:\/\/jnan.rs\/index.php?rest_route=\/wp\/v2\/pages\/383"}],"collection":[{"href":"https:\/\/jnan.rs\/index.php?rest_route=\/wp\/v2\/pages"}],"about":[{"href":"https:\/\/jnan.rs\/index.php?rest_route=\/wp\/v2\/types\/page"}],"author":[{"embeddable":true,"href":"https:\/\/jnan.rs\/index.php?rest_route=\/wp\/v2\/users\/1"}],"replies":[{"embeddable":true,"href":"https:\/\/jnan.rs\/index.php?rest_route=%2Fwp%2Fv2%2Fcomments&post=383"}],"version-history":[{"count":9,"href":"https:\/\/jnan.rs\/index.php?rest_route=\/wp\/v2\/pages\/383\/revisions"}],"predecessor-version":[{"id":477,"href":"https:\/\/jnan.rs\/index.php?rest_route=\/wp\/v2\/pages\/383\/revisions\/477"}],"wp:attachment":[{"href":"https:\/\/jnan.rs\/index.php?rest_route=%2Fwp%2Fv2%2Fmedia&parent=383"}],"curies":[{"name":"wp","href":"https:\/\/api.w.org\/{rel}","templated":true}]}}